{"id":15,"date":"2023-05-10T15:28:55","date_gmt":"2023-05-10T15:28:55","guid":{"rendered":"https:\/\/web1.infopaginaswebhost.com\/moratek\/?page_id=15"},"modified":"2023-05-25T21:21:36","modified_gmt":"2023-05-25T21:21:36","slug":"contacto","status":"publish","type":"page","link":"https:\/\/moratekpr.com\/en\/contacto\/","title":{"rendered":"Contact"},"content":{"rendered":"<div data-elementor-type=\"wp-page\" data-elementor-id=\"15\" class=\"elementor elementor-15\" data-elementor-settings=\"{&quot;ha_cmc_init_switcher&quot;:&quot;no&quot;}\">\n\t\t\t\t\t\t<section class=\"elementor-section elementor-top-section elementor-element elementor-element-6d395c3 elementor-section-height-min-height elementor-section-boxed elementor-section-height-default elementor-section-items-middle\" data-id=\"6d395c3\" data-element_type=\"section\" data-settings=\"{&quot;jet_parallax_layout_list&quot;:[],&quot;background_background&quot;:&quot;classic&quot;,&quot;_ha_eqh_enable&quot;:false}\">\n\t\t\t\t\t\t\t<div class=\"elementor-background-overlay\"><\/div>\n\t\t\t\t\t\t\t<div class=\"elementor-container elementor-column-gap-default\">\n\t\t\t\t\t<div class=\"elementor-column elementor-col-100 elementor-top-column elementor-element elementor-element-e4d0aea\" data-id=\"e4d0aea\" data-element_type=\"column\">\n\t\t\t<div class=\"elementor-widget-wrap elementor-element-populated\">\n\t\t\t\t\t\t<div class=\"elementor-element elementor-element-f92d60e elementor-widget elementor-widget-heading\" data-id=\"f92d60e\" data-element_type=\"widget\" data-widget_type=\"heading.default\">\n\t\t\t\t<div class=\"elementor-widget-container\">\n\t\t\t\t\t<h5 class=\"elementor-heading-title elementor-size-default\">Contact<\/h5>\t\t\t\t<\/div>\n\t\t\t\t<\/div>\n\t\t\t\t<div class=\"elementor-element elementor-element-7c70e3c elementor-widget elementor-widget-html\" data-id=\"7c70e3c\" data-element_type=\"widget\" data-widget_type=\"html.default\">\n\t\t\t\t<div class=\"elementor-widget-container\">\n\t\t\t\t\t<style>\n    .cont-1 {\n      display: none;\n    }\n<\/style>\t\t\t\t<\/div>\n\t\t\t\t<\/div>\n\t\t\t\t\t<\/div>\n\t\t<\/div>\n\t\t\t\t\t<\/div>\n\t\t<\/section>\n\t\t\t\t<section class=\"elementor-section elementor-top-section elementor-element elementor-element-e177961 elementor-section-boxed elementor-section-height-default elementor-section-height-default\" data-id=\"e177961\" data-element_type=\"section\" data-settings=\"{&quot;jet_parallax_layout_list&quot;:[],&quot;background_background&quot;:&quot;classic&quot;,&quot;_ha_eqh_enable&quot;:false}\">\n\t\t\t\t\t\t<div class=\"elementor-container elementor-column-gap-default\">\n\t\t\t\t\t<div class=\"elementor-column elementor-col-100 elementor-top-column elementor-element elementor-element-a88aeba\" data-id=\"a88aeba\" data-element_type=\"column\">\n\t\t\t<div class=\"elementor-widget-wrap elementor-element-populated\">\n\t\t\t\t\t\t<section class=\"elementor-section elementor-inner-section elementor-element elementor-element-6231b2f elementor-section-boxed elementor-section-height-default elementor-section-height-default\" data-id=\"6231b2f\" data-element_type=\"section\" data-settings=\"{&quot;jet_parallax_layout_list&quot;:[],&quot;_ha_eqh_enable&quot;:false}\">\n\t\t\t\t\t\t<div class=\"elementor-container elementor-column-gap-default\">\n\t\t\t\t\t<div class=\"elementor-column elementor-col-33 elementor-inner-column elementor-element elementor-element-f8478a8\" data-id=\"f8478a8\" data-element_type=\"column\">\n\t\t\t<div class=\"elementor-widget-wrap elementor-element-populated\">\n\t\t\t\t\t\t<div class=\"elementor-element elementor-element-2b649fc elementor-view-framed animated-slow elementor-shape-circle elementor-position-block-start elementor-mobile-position-block-start elementor-invisible elementor-widget elementor-widget-icon-box\" data-id=\"2b649fc\" data-element_type=\"widget\" data-settings=\"{&quot;_animation&quot;:&quot;fadeInLeft&quot;}\" data-widget_type=\"icon-box.default\">\n\t\t\t\t<div class=\"elementor-widget-container\">\n\t\t\t\t\t\t\t<div class=\"elementor-icon-box-wrapper\">\n\n\t\t\t\t\t\t<div class=\"elementor-icon-box-icon\">\n\t\t\t\t<span  class=\"elementor-icon\">\n\t\t\t\t<i aria-hidden=\"true\" class=\"fas fa-map-marker-alt\"><\/i>\t\t\t\t<\/span>\n\t\t\t<\/div>\n\t\t\t\n\t\t\t\t\t\t<div class=\"elementor-icon-box-content\">\n\n\t\t\t\t\t\t\t\t\t<h3 class=\"elementor-icon-box-title\">\n\t\t\t\t\t\t<span  >\n\t\t\t\t\t\t\tAddress\t\t\t\t\t\t<\/span>\n\t\t\t\t\t<\/h3>\n\t\t\t\t\n\t\t\t\t\t\t\t\t\t<p class=\"elementor-icon-box-description\">\n\t\t\t\t\t\tSan Juan, Puerto Rico 00924\t\t\t\t\t<\/p>\n\t\t\t\t\n\t\t\t<\/div>\n\t\t\t\n\t\t<\/div>\n\t\t\t\t\t\t<\/div>\n\t\t\t\t<\/div>\n\t\t\t\t\t<\/div>\n\t\t<\/div>\n\t\t\t\t<div class=\"elementor-column elementor-col-33 elementor-inner-column elementor-element elementor-element-34d4b96\" data-id=\"34d4b96\" data-element_type=\"column\">\n\t\t\t<div class=\"elementor-widget-wrap elementor-element-populated\">\n\t\t\t\t\t\t<div class=\"elementor-element elementor-element-cf5f4ee elementor-view-framed animated-slow elementor-shape-circle elementor-position-block-start elementor-mobile-position-block-start elementor-invisible elementor-widget elementor-widget-icon-box\" data-id=\"cf5f4ee\" data-element_type=\"widget\" data-settings=\"{&quot;_animation&quot;:&quot;fadeInUp&quot;}\" data-widget_type=\"icon-box.default\">\n\t\t\t\t<div class=\"elementor-widget-container\">\n\t\t\t\t\t\t\t<div class=\"elementor-icon-box-wrapper\">\n\n\t\t\t\t\t\t<div class=\"elementor-icon-box-icon\">\n\t\t\t\t<span  class=\"elementor-icon\">\n\t\t\t\t<i aria-hidden=\"true\" class=\"fas fa-phone-alt\"><\/i>\t\t\t\t<\/span>\n\t\t\t<\/div>\n\t\t\t\n\t\t\t\t\t\t<div class=\"elementor-icon-box-content\">\n\n\t\t\t\t\t\t\t\t\t<h3 class=\"elementor-icon-box-title\">\n\t\t\t\t\t\t<span  >\n\t\t\t\t\t\t\tTel\u00e9fonos\t\t\t\t\t\t<\/span>\n\t\t\t\t\t<\/h3>\n\t\t\t\t\n\t\t\t\t\t\t\t\t\t<p class=\"elementor-icon-box-description\">\n\t\t\t\t\t\t<a href=\"tel:+17875045147\" style=\"color:#000\"><i aria-hidden=\"true\" class=\"fas fa-phone-alt\"><\/i> +1 787-504-5147<\/a><br>\n<a href=\"https:\/\/wa.link\/a8ptbk\" style=\"color:#000\" target=\"_blank\"><i aria-hidden=\"true\" class=\"fab fa-whatsapp\"><\/i><\/i> +1 787-705-5062 <\/a>\t\t\t\t\t<\/p>\n\t\t\t\t\n\t\t\t<\/div>\n\t\t\t\n\t\t<\/div>\n\t\t\t\t\t\t<\/div>\n\t\t\t\t<\/div>\n\t\t\t\t<div class=\"elementor-element elementor-element-12c5a54 elementor-view-framed animated-slow elementor-shape-circle elementor-position-block-start elementor-mobile-position-block-start elementor-invisible elementor-widget elementor-widget-icon-box\" data-id=\"12c5a54\" data-element_type=\"widget\" data-settings=\"{&quot;_animation&quot;:&quot;fadeInDown&quot;}\" data-widget_type=\"icon-box.default\">\n\t\t\t\t<div class=\"elementor-widget-container\">\n\t\t\t\t\t\t\t<div class=\"elementor-icon-box-wrapper\">\n\n\t\t\t\t\t\t<div class=\"elementor-icon-box-icon\">\n\t\t\t\t<span  class=\"elementor-icon\">\n\t\t\t\t<i aria-hidden=\"true\" class=\"fas fa-envelope\"><\/i>\t\t\t\t<\/span>\n\t\t\t<\/div>\n\t\t\t\n\t\t\t\t\t\t<div class=\"elementor-icon-box-content\">\n\n\t\t\t\t\t\t\t\t\t<h3 class=\"elementor-icon-box-title\">\n\t\t\t\t\t\t<span  >\n\t\t\t\t\t\t\tEmail\t\t\t\t\t\t<\/span>\n\t\t\t\t\t<\/h3>\n\t\t\t\t\n\t\t\t\t\t\t\t\t\t<p class=\"elementor-icon-box-description\">\n\t\t\t\t\t\t<a href=\"mailto:info@moratekpr.com\" style=\"color:#000\">info@moratekpr.com<\/a>\t\t\t\t\t<\/p>\n\t\t\t\t\n\t\t\t<\/div>\n\t\t\t\n\t\t<\/div>\n\t\t\t\t\t\t<\/div>\n\t\t\t\t<\/div>\n\t\t\t\t\t<\/div>\n\t\t<\/div>\n\t\t\t\t<div class=\"elementor-column elementor-col-33 elementor-inner-column elementor-element elementor-element-0c92512\" data-id=\"0c92512\" data-element_type=\"column\">\n\t\t\t<div class=\"elementor-widget-wrap elementor-element-populated\">\n\t\t\t\t\t\t<div class=\"elementor-element elementor-element-6449614 elementor-view-framed animated-slow elementor-shape-circle elementor-position-block-start elementor-mobile-position-block-start elementor-invisible elementor-widget elementor-widget-icon-box\" data-id=\"6449614\" data-element_type=\"widget\" data-settings=\"{&quot;_animation&quot;:&quot;fadeInRight&quot;}\" data-widget_type=\"icon-box.default\">\n\t\t\t\t<div class=\"elementor-widget-container\">\n\t\t\t\t\t\t\t<div class=\"elementor-icon-box-wrapper\">\n\n\t\t\t\t\t\t<div class=\"elementor-icon-box-icon\">\n\t\t\t\t<span  class=\"elementor-icon\">\n\t\t\t\t<i aria-hidden=\"true\" class=\"fas fa-clock\"><\/i>\t\t\t\t<\/span>\n\t\t\t<\/div>\n\t\t\t\n\t\t\t\t\t\t<div class=\"elementor-icon-box-content\">\n\n\t\t\t\t\t\t\t\t\t<h3 class=\"elementor-icon-box-title\">\n\t\t\t\t\t\t<span  >\n\t\t\t\t\t\t\tSchedule\t\t\t\t\t\t<\/span>\n\t\t\t\t\t<\/h3>\n\t\t\t\t\n\t\t\t\t\t\t\t\t\t<p class=\"elementor-icon-box-description\">\n\t\t\t\t\t\tMonday to Friday 8:00 a.m. to 5:00 p.m.\t\t\t\t\t<\/p>\n\t\t\t\t\n\t\t\t<\/div>\n\t\t\t\n\t\t<\/div>\n\t\t\t\t\t\t<\/div>\n\t\t\t\t<\/div>\n\t\t\t\t\t<\/div>\n\t\t<\/div>\n\t\t\t\t\t<\/div>\n\t\t<\/section>\n\t\t\t\t\t<\/div>\n\t\t<\/div>\n\t\t\t\t\t<\/div>\n\t\t<\/section>\n\t\t\t\t<section class=\"elementor-section elementor-top-section elementor-element elementor-element-c6e07cd elementor-section-boxed elementor-section-height-default elementor-section-height-default\" data-id=\"c6e07cd\" data-element_type=\"section\" data-settings=\"{&quot;jet_parallax_layout_list&quot;:[],&quot;background_background&quot;:&quot;classic&quot;,&quot;_ha_eqh_enable&quot;:false}\">\n\t\t\t\t\t\t<div class=\"elementor-container elementor-column-gap-default\">\n\t\t\t\t\t<div class=\"elementor-column elementor-col-100 elementor-top-column elementor-element elementor-element-2d74ff5\" data-id=\"2d74ff5\" data-element_type=\"column\">\n\t\t\t<div class=\"elementor-widget-wrap elementor-element-populated\">\n\t\t\t\t\t\t<div class=\"elementor-element elementor-element-4c4eab4 elementor-widget elementor-widget-heading\" data-id=\"4c4eab4\" data-element_type=\"widget\" data-widget_type=\"heading.default\">\n\t\t\t\t<div class=\"elementor-widget-container\">\n\t\t\t\t\t<h5 class=\"elementor-heading-title elementor-size-default\">Write your message and we will get back to you as soon as possible.<\/h5>\t\t\t\t<\/div>\n\t\t\t\t<\/div>\n\t\t\t\t<section class=\"elementor-section elementor-inner-section elementor-element elementor-element-4f48b5f elementor-section-boxed elementor-section-height-default elementor-section-height-default\" data-id=\"4f48b5f\" data-element_type=\"section\" data-settings=\"{&quot;jet_parallax_layout_list&quot;:[],&quot;_ha_eqh_enable&quot;:false}\">\n\t\t\t\t\t\t<div class=\"elementor-container elementor-column-gap-default\">\n\t\t\t\t\t<div class=\"elementor-column elementor-col-100 elementor-inner-column elementor-element elementor-element-b4b0df4\" data-id=\"b4b0df4\" data-element_type=\"column\">\n\t\t\t<div class=\"elementor-widget-wrap elementor-element-populated\">\n\t\t\t\t\t\t<div class=\"elementor-element elementor-element-dc39bcd elementor-widget elementor-widget-ha-wpform happy-addon ha-wpform\" data-id=\"dc39bcd\" data-element_type=\"widget\" data-widget_type=\"ha-wpform.default\">\n\t\t\t\t<div class=\"elementor-widget-container\">\n\t\t\t\t\t<style id=\"wpforms-css-vars-454\">\n\t\t\t\t#wpforms-454 {\n\t\t\t\t\n\t\t\t}\n\t\t\t<\/style><div class=\"wpforms-container wpforms-container-full wpforms-render-modern\" id=\"wpforms-454\"><form id=\"wpforms-form-454\" class=\"wpforms-validate wpforms-form wpforms-ajax-form\" data-formid=\"454\" method=\"post\" enctype=\"multipart\/form-data\" action=\"\/en\/wp-json\/wp\/v2\/pages\/15\" data-token=\"8e97b4103f29c841fb9f5bdc6ce9afa5\" data-token-time=\"1776484709\" data-trp-original-action=\"\/en\/wp-json\/wp\/v2\/pages\/15\"><noscript class=\"wpforms-error-noscript\">Please enable JavaScript in your browser to complete this form.<\/noscript><div id=\"wpforms-error-noscript\" style=\"display: none;\">Please enable JavaScript in your browser to complete this form.<\/div><div class=\"wpforms-field-container\"><div id=\"wpforms-454-field_1-container\" class=\"wpforms-field wpforms-field-name\" data-field-id=\"1\"><label class=\"wpforms-field-label\" for=\"wpforms-454-field_1\">Name <span class=\"wpforms-required-label\" aria-hidden=\"true\">*<\/span><\/label><input type=\"text\" id=\"wpforms-454-field_1\" class=\"wpforms-field-large wpforms-field-required\" name=\"wpforms[fields][1]\" aria-errormessage=\"wpforms-454-field_1-error\" required><\/div><div id=\"wpforms-454-field_2-container\" class=\"wpforms-field wpforms-field-email\" data-field-id=\"2\"><label class=\"wpforms-field-label\" for=\"wpforms-454-field_2\">Email <span class=\"wpforms-required-label\" aria-hidden=\"true\">*<\/span><\/label><input type=\"email\" id=\"wpforms-454-field_2\" class=\"wpforms-field-large wpforms-field-required\" name=\"wpforms[fields][2]\" spellcheck=\"false\" aria-errormessage=\"wpforms-454-field_2-error\" required><\/div><div id=\"wpforms-454-field_3-container\" class=\"wpforms-field wpforms-field-text\" data-field-id=\"3\"><label class=\"wpforms-field-label\" for=\"wpforms-454-field_3\">Phone<\/label><input type=\"text\" id=\"wpforms-454-field_3\" class=\"wpforms-field-large wpforms-masked-input\" data-rule-inputmask-incomplete=\"1\" data-inputmask-mask=\"999-999-9999\" name=\"wpforms[fields][3]\" aria-errormessage=\"wpforms-454-field_3-error\" ><\/div><div id=\"wpforms-454-field_4-container\" class=\"wpforms-field wpforms-field-textarea\" data-field-id=\"4\"><label class=\"wpforms-field-label\" for=\"wpforms-454-field_4\">Message<\/label><textarea id=\"wpforms-454-field_4\" class=\"wpforms-field-medium\" name=\"wpforms[fields][4]\" aria-errormessage=\"wpforms-454-field_4-error\" ><\/textarea><\/div><\/div><!-- .wpforms-field-container --><div class=\"wpforms-recaptcha-container wpforms-is-recaptcha wpforms-is-recaptcha-type-v3\" ><input type=\"hidden\" name=\"wpforms[recaptcha]\" value=\"\"><\/div><div class=\"wpforms-submit-container\" ><input type=\"hidden\" name=\"wpforms[id]\" value=\"454\"><input type=\"hidden\" name=\"page_title\" value=\"\"><input type=\"hidden\" name=\"page_url\" value=\"https:\/\/moratekpr.com\/en\/wp-json\/wp\/v2\/pages\/15\"><input type=\"hidden\" name=\"url_referer\" value=\"\"><button type=\"submit\" name=\"wpforms[submit]\" id=\"wpforms-submit-454\" class=\"wpforms-submit\" data-alt-text=\"Enviando...\" data-submit-text=\"Enviar\" aria-live=\"assertive\" value=\"wpforms-submit\">Send<\/button><img decoding=\"async\" src=\"https:\/\/moratekpr.com\/wp-content\/plugins\/wpforms\/assets\/images\/submit-spin.svg\" class=\"wpforms-submit-spinner\" style=\"display: none;\" width=\"26\" height=\"26\" alt=\"Loading\"><\/div><input type=\"hidden\" name=\"trp-form-language\" value=\"en\"\/><\/form><\/div>  <!-- .wpforms-container -->\t\t\t\t<\/div>\n\t\t\t\t<\/div>\n\t\t\t\t\t<\/div>\n\t\t<\/div>\n\t\t\t\t\t<\/div>\n\t\t<\/section>\n\t\t\t\t\t<\/div>\n\t\t<\/div>\n\t\t\t\t\t<\/div>\n\t\t<\/section>\n\t\t\t\t<section class=\"elementor-section elementor-top-section elementor-element elementor-element-60a44e0 elementor-section-full_width elementor-hidden-desktop elementor-hidden-tablet elementor-hidden-mobile elementor-section-height-default elementor-section-height-default\" data-id=\"60a44e0\" data-element_type=\"section\" data-settings=\"{&quot;jet_parallax_layout_list&quot;:[],&quot;_ha_eqh_enable&quot;:false}\">\n\t\t\t\t\t\t<div class=\"elementor-container elementor-column-gap-narrow\">\n\t\t\t\t\t<div class=\"elementor-column elementor-col-100 elementor-top-column elementor-element elementor-element-789284e\" data-id=\"789284e\" data-element_type=\"column\">\n\t\t\t<div class=\"elementor-widget-wrap elementor-element-populated\">\n\t\t\t\t\t\t<div class=\"elementor-element elementor-element-0789b6f elementor-widget elementor-widget-google_maps\" data-id=\"0789b6f\" data-element_type=\"widget\" data-widget_type=\"google_maps.default\">\n\t\t\t\t<div class=\"elementor-widget-container\">\n\t\t\t\t\t\t\t<div class=\"elementor-custom-embed\">\n\t\t\t<iframe loading=\"lazy\"\n\t\t\t\t\tsrc=\"https:\/\/maps.google.com\/maps?q=Moratek%20Solutions%20%26%20Consulting%20Services&#038;t=m&#038;z=10&#038;output=embed&#038;iwloc=near\"\n\t\t\t\t\ttitle=\"Moratek Solutions &amp; Consulting Services\"\n\t\t\t\t\taria-label=\"Moratek Solutions &amp; Consulting Services\"\n\t\t\t><\/iframe>\n\t\t<\/div>\n\t\t\t\t\t\t<\/div>\n\t\t\t\t<\/div>\n\t\t\t\t\t<\/div>\n\t\t<\/div>\n\t\t\t\t\t<\/div>\n\t\t<\/section>\n\t\t\t\t<\/div>","protected":false},"excerpt":{"rendered":"<p>Contacto Direcci\u00f3n San Juan, Puerto Rico 00924 Tel\u00e9fonos +1 787-504-5147 +1 787-705-5062 Email info@moratekpr.com Horario Lunes a Viernes 8:00 am a 5:00 pm Escriba su mensaje y nos comunicaremos a la brevedad posible. Por favor, activa JavaScript en tu navegador para completar este formulario.Por favor, activa JavaScript en tu navegador para completar este formulario.Nombre *Correo [&hellip;]<\/p>","protected":false},"author":59,"featured_media":0,"parent":0,"menu_order":0,"comment_status":"closed","ping_status":"closed","template":"elementor_header_footer","meta":{"_joinchat":[],"footnotes":""},"class_list":["post-15","page","type-page","status-publish","hentry"],"yoast_head":"<!-- This site is optimized with the Yoast SEO plugin v26.8 - https:\/\/yoast.com\/product\/yoast-seo-wordpress\/ -->\n<title>Servicios de Consultor\u00eda Tecnol\u00f3gica en Puerto Rico | Moratek<\/title>\n<meta name=\"description\" content=\"Ofrecemos soluciones tecnol\u00f3gicas personalizadas en Puerto Rico. Cont\u00e1ctanos para optimizar tu infraestructura IT con Moratek.\" \/>\n<meta name=\"robots\" content=\"index, follow, max-snippet:-1, max-image-preview:large, max-video-preview:-1\" \/>\n<link rel=\"canonical\" href=\"https:\/\/moratekpr.com\/en\/contacto\/\" \/>\n<meta property=\"og:locale\" content=\"en_US\" \/>\n<meta property=\"og:type\" content=\"article\" \/>\n<meta property=\"og:title\" content=\"Servicios de Consultor\u00eda Tecnol\u00f3gica en Puerto Rico | Moratek\" \/>\n<meta property=\"og:description\" content=\"Ofrecemos soluciones tecnol\u00f3gicas personalizadas en Puerto Rico. Cont\u00e1ctanos para optimizar tu infraestructura IT con Moratek.\" \/>\n<meta property=\"og:url\" content=\"https:\/\/moratekpr.com\/en\/contacto\/\" \/>\n<meta property=\"og:site_name\" content=\"Moratek\" \/>\n<meta property=\"article:publisher\" content=\"https:\/\/www.facebook.com\/morateksolutions\/\" \/>\n<meta property=\"article:modified_time\" content=\"2023-05-25T21:21:36+00:00\" \/>\n<meta property=\"og:image\" content=\"https:\/\/web1.infopaginaswebhost.com\/moratek\/wp-content\/plugins\/wpforms-lite\/assets\/images\/submit-spin.svg\" \/>\n<meta name=\"twitter:card\" content=\"summary_large_image\" \/>\n<meta name=\"twitter:label1\" content=\"Est. reading time\" \/>\n\t<meta name=\"twitter:data1\" content=\"1 minute\" \/>\n<script type=\"application\/ld+json\" class=\"yoast-schema-graph\">{\"@context\":\"https:\/\/schema.org\",\"@graph\":[{\"@type\":\"WebPage\",\"@id\":\"https:\/\/moratekpr.com\/contacto\/\",\"url\":\"https:\/\/moratekpr.com\/contacto\/\",\"name\":\"Servicios de Consultor\u00eda Tecnol\u00f3gica en Puerto Rico | Moratek\",\"isPartOf\":{\"@id\":\"https:\/\/moratekpr.com\/#website\"},\"primaryImageOfPage\":{\"@id\":\"https:\/\/moratekpr.com\/contacto\/#primaryimage\"},\"image\":{\"@id\":\"https:\/\/moratekpr.com\/contacto\/#primaryimage\"},\"thumbnailUrl\":\"https:\/\/web1.infopaginaswebhost.com\/moratek\/wp-content\/plugins\/wpforms-lite\/assets\/images\/submit-spin.svg\",\"datePublished\":\"2023-05-10T15:28:55+00:00\",\"dateModified\":\"2023-05-25T21:21:36+00:00\",\"description\":\"Ofrecemos soluciones tecnol\u00f3gicas personalizadas en Puerto Rico. Cont\u00e1ctanos para optimizar tu infraestructura IT con Moratek.\",\"breadcrumb\":{\"@id\":\"https:\/\/moratekpr.com\/contacto\/#breadcrumb\"},\"inLanguage\":\"en-US\",\"potentialAction\":[{\"@type\":\"ReadAction\",\"target\":[\"https:\/\/moratekpr.com\/contacto\/\"]}]},{\"@type\":\"ImageObject\",\"inLanguage\":\"en-US\",\"@id\":\"https:\/\/moratekpr.com\/contacto\/#primaryimage\",\"url\":\"https:\/\/web1.infopaginaswebhost.com\/moratek\/wp-content\/plugins\/wpforms-lite\/assets\/images\/submit-spin.svg\",\"contentUrl\":\"https:\/\/web1.infopaginaswebhost.com\/moratek\/wp-content\/plugins\/wpforms-lite\/assets\/images\/submit-spin.svg\"},{\"@type\":\"BreadcrumbList\",\"@id\":\"https:\/\/moratekpr.com\/contacto\/#breadcrumb\",\"itemListElement\":[{\"@type\":\"ListItem\",\"position\":1,\"name\":\"Portada\",\"item\":\"https:\/\/moratekpr.com\/\"},{\"@type\":\"ListItem\",\"position\":2,\"name\":\"Contacto\"}]},{\"@type\":\"WebSite\",\"@id\":\"https:\/\/moratekpr.com\/#website\",\"url\":\"https:\/\/moratekpr.com\/\",\"name\":\"Mor@tek Solutions & Consulting Services\",\"description\":\"Servicios Tecn\u00f3logicos\",\"publisher\":{\"@id\":\"https:\/\/moratekpr.com\/#organization\"},\"alternateName\":\"Mor@tek\",\"potentialAction\":[{\"@type\":\"SearchAction\",\"target\":{\"@type\":\"EntryPoint\",\"urlTemplate\":\"https:\/\/moratekpr.com\/?s={search_term_string}\"},\"query-input\":{\"@type\":\"PropertyValueSpecification\",\"valueRequired\":true,\"valueName\":\"search_term_string\"}}],\"inLanguage\":\"en-US\"},{\"@type\":\"Organization\",\"@id\":\"https:\/\/moratekpr.com\/#organization\",\"name\":\"Mor@tek Solutions & Consulting Services\",\"alternateName\":\"Mor@tek Solutions & Consulting Services\",\"url\":\"https:\/\/moratekpr.com\/\",\"logo\":{\"@type\":\"ImageObject\",\"inLanguage\":\"en-US\",\"@id\":\"https:\/\/moratekpr.com\/#\/schema\/logo\/image\/\",\"url\":\"https:\/\/infomediapr-websites-wp.s3.amazonaws.com\/wp-content\/uploads\/sites\/5\/2023\/05\/04151454\/favicon.png\",\"contentUrl\":\"https:\/\/infomediapr-websites-wp.s3.amazonaws.com\/wp-content\/uploads\/sites\/5\/2023\/05\/04151454\/favicon.png\",\"width\":3240,\"height\":3239,\"caption\":\"Mor@tek Solutions & Consulting Services\"},\"image\":{\"@id\":\"https:\/\/moratekpr.com\/#\/schema\/logo\/image\/\"},\"sameAs\":[\"https:\/\/www.facebook.com\/morateksolutions\/\",\"https:\/\/www.instagram.com\/morateksolutions\/\"]}]}<\/script>\n<!-- \/ Yoast SEO plugin. -->","yoast_head_json":{"title":"Servicios de Consultor\u00eda Tecnol\u00f3gica en Puerto Rico | Moratek","description":"Ofrecemos soluciones tecnol\u00f3gicas personalizadas en Puerto Rico. Cont\u00e1ctanos para optimizar tu infraestructura IT con Moratek.","robots":{"index":"index","follow":"follow","max-snippet":"max-snippet:-1","max-image-preview":"max-image-preview:large","max-video-preview":"max-video-preview:-1"},"canonical":"https:\/\/moratekpr.com\/en\/contacto\/","og_locale":"en_US","og_type":"article","og_title":"Servicios de Consultor\u00eda Tecnol\u00f3gica en Puerto Rico | Moratek","og_description":"Ofrecemos soluciones tecnol\u00f3gicas personalizadas en Puerto Rico. Cont\u00e1ctanos para optimizar tu infraestructura IT con Moratek.","og_url":"https:\/\/moratekpr.com\/en\/contacto\/","og_site_name":"Moratek","article_publisher":"https:\/\/www.facebook.com\/morateksolutions\/","article_modified_time":"2023-05-25T21:21:36+00:00","og_image":[{"url":"https:\/\/web1.infopaginaswebhost.com\/moratek\/wp-content\/plugins\/wpforms-lite\/assets\/images\/submit-spin.svg","type":"","width":"","height":""}],"twitter_card":"summary_large_image","twitter_misc":{"Est. reading time":"1 minute"},"schema":{"@context":"https:\/\/schema.org","@graph":[{"@type":"WebPage","@id":"https:\/\/moratekpr.com\/contacto\/","url":"https:\/\/moratekpr.com\/contacto\/","name":"Servicios de Consultor\u00eda Tecnol\u00f3gica en Puerto Rico | Moratek","isPartOf":{"@id":"https:\/\/moratekpr.com\/#website"},"primaryImageOfPage":{"@id":"https:\/\/moratekpr.com\/contacto\/#primaryimage"},"image":{"@id":"https:\/\/moratekpr.com\/contacto\/#primaryimage"},"thumbnailUrl":"https:\/\/web1.infopaginaswebhost.com\/moratek\/wp-content\/plugins\/wpforms-lite\/assets\/images\/submit-spin.svg","datePublished":"2023-05-10T15:28:55+00:00","dateModified":"2023-05-25T21:21:36+00:00","description":"Ofrecemos soluciones tecnol\u00f3gicas personalizadas en Puerto Rico. Cont\u00e1ctanos para optimizar tu infraestructura IT con Moratek.","breadcrumb":{"@id":"https:\/\/moratekpr.com\/contacto\/#breadcrumb"},"inLanguage":"en-US","potentialAction":[{"@type":"ReadAction","target":["https:\/\/moratekpr.com\/contacto\/"]}]},{"@type":"ImageObject","inLanguage":"en-US","@id":"https:\/\/moratekpr.com\/contacto\/#primaryimage","url":"https:\/\/web1.infopaginaswebhost.com\/moratek\/wp-content\/plugins\/wpforms-lite\/assets\/images\/submit-spin.svg","contentUrl":"https:\/\/web1.infopaginaswebhost.com\/moratek\/wp-content\/plugins\/wpforms-lite\/assets\/images\/submit-spin.svg"},{"@type":"BreadcrumbList","@id":"https:\/\/moratekpr.com\/contacto\/#breadcrumb","itemListElement":[{"@type":"ListItem","position":1,"name":"Portada","item":"https:\/\/moratekpr.com\/"},{"@type":"ListItem","position":2,"name":"Contacto"}]},{"@type":"WebSite","@id":"https:\/\/moratekpr.com\/#website","url":"https:\/\/moratekpr.com\/","name":"Mor@tek Solutions & Consulting Services","description":"Servicios Tecn\u00f3logicos","publisher":{"@id":"https:\/\/moratekpr.com\/#organization"},"alternateName":"Mor@tek","potentialAction":[{"@type":"SearchAction","target":{"@type":"EntryPoint","urlTemplate":"https:\/\/moratekpr.com\/?s={search_term_string}"},"query-input":{"@type":"PropertyValueSpecification","valueRequired":true,"valueName":"search_term_string"}}],"inLanguage":"en-US"},{"@type":"Organization","@id":"https:\/\/moratekpr.com\/#organization","name":"Mor@tek Solutions & Consulting Services","alternateName":"Mor@tek Solutions & Consulting Services","url":"https:\/\/moratekpr.com\/","logo":{"@type":"ImageObject","inLanguage":"en-US","@id":"https:\/\/moratekpr.com\/#\/schema\/logo\/image\/","url":"https:\/\/infomediapr-websites-wp.s3.amazonaws.com\/wp-content\/uploads\/sites\/5\/2023\/05\/04151454\/favicon.png","contentUrl":"https:\/\/infomediapr-websites-wp.s3.amazonaws.com\/wp-content\/uploads\/sites\/5\/2023\/05\/04151454\/favicon.png","width":3240,"height":3239,"caption":"Mor@tek Solutions & Consulting Services"},"image":{"@id":"https:\/\/moratekpr.com\/#\/schema\/logo\/image\/"},"sameAs":["https:\/\/www.facebook.com\/morateksolutions\/","https:\/\/www.instagram.com\/morateksolutions\/"]}]}},"_links":{"self":[{"href":"https:\/\/moratekpr.com\/en\/wp-json\/wp\/v2\/pages\/15","targetHints":{"allow":["GET"]}}],"collection":[{"href":"https:\/\/moratekpr.com\/en\/wp-json\/wp\/v2\/pages"}],"about":[{"href":"https:\/\/moratekpr.com\/en\/wp-json\/wp\/v2\/types\/page"}],"author":[{"embeddable":true,"href":"https:\/\/moratekpr.com\/en\/wp-json\/wp\/v2\/users\/59"}],"replies":[{"embeddable":true,"href":"https:\/\/moratekpr.com\/en\/wp-json\/wp\/v2\/comments?post=15"}],"version-history":[{"count":37,"href":"https:\/\/moratekpr.com\/en\/wp-json\/wp\/v2\/pages\/15\/revisions"}],"predecessor-version":[{"id":571,"href":"https:\/\/moratekpr.com\/en\/wp-json\/wp\/v2\/pages\/15\/revisions\/571"}],"wp:attachment":[{"href":"https:\/\/moratekpr.com\/en\/wp-json\/wp\/v2\/media?parent=15"}],"curies":[{"name":"wp","href":"https:\/\/api.w.org\/{rel}","templated":true}]}}